{"id":114,"date":"2024-04-12T11:38:33","date_gmt":"2024-04-12T16:38:33","guid":{"rendered":"https:\/\/dtic.utc.edu.ec\/?page_id=114"},"modified":"2024-04-12T12:33:13","modified_gmt":"2024-04-12T17:33:13","slug":"bases-legales","status":"publish","type":"page","link":"https:\/\/dtic.utc.edu.ec\/?page_id=114","title":{"rendered":"Bases Legales"},"content":{"rendered":"\n<p><strong><a href=\"https:\/\/dtic.utc.edu.ec\/?page_id=110\" data-type=\"page\" data-id=\"110\">LEY ORG\u00c1NICA DE PROTECCI\u00d3N DE DATOS PERSONALES<\/a><\/strong><\/p>\n\n\n\n<p>Legislaci\u00f3n que regula la recolecci\u00f3n, uso y protecci\u00f3n de datos personales en Ecuador, otorgando a los ciudadanos mayor control sobre su informaci\u00f3n.<\/p>\n\n\n\n<p><a href=\"https:\/\/dtic.utc.edu.ec\/?page_id=137\" data-type=\"page\" data-id=\"137\"><strong>UTILIZACI\u00d3N SEGURA Y RESPONSABLE DE NUESTROS LABORATORIOS<\/strong> <\/a><\/p>\n\n\n\n<p>Reglamento que establece normas y procedimientos para garantizar la seguridad, el cuidado de equipos y la supervisi\u00f3n en el uso de los laboratorios universitarios.<\/p>\n\n\n\n<p><strong><a href=\"https:\/\/dtic.utc.edu.ec\/?page_id=128\" data-type=\"page\" data-id=\"128\">PROCEDIMIENTO DE GOOGLE DRIVE<\/a><\/strong> <\/p>\n\n\n\n<p>Pol\u00edtica de asignaci\u00f3n y gesti\u00f3n de cuotas de almacenamiento en Google Drive, buscando un uso equitativo y eficiente de este recurso en la nube para la comunidad universitaria.<\/p>\n\n\n\n<p><a href=\"https:\/\/dtic.utc.edu.ec\/?page_id=133\" data-type=\"page\" data-id=\"133\"><strong>POL\u00cdTICAS DE SI<\/strong> <\/a><\/p>\n\n\n\n<p>Marco integral de pol\u00edticas que rigen la seguridad, confidencialidad, integridad y disponibilidad de la informaci\u00f3n institucional de la universidad.<\/p>\n","protected":false},"excerpt":{"rendered":"<p>LEY ORG\u00c1NICA DE PROTECCI\u00d3N DE DATOS PERSONALES Legislaci\u00f3n que regula la recolecci\u00f3n, uso y protecci\u00f3n de datos personales en Ecuador, otorgando a los ciudadanos mayor control sobre su informaci\u00f3n. UTILIZACI\u00d3N SEGURA Y RESPONSABLE DE NUESTROS LABORATORIOS Reglamento que establece normas y procedimientos para garantizar la seguridad, el cuidado de equipos y la supervisi\u00f3n en el<\/p>\n<a href=\"https:\/\/dtic.utc.edu.ec\/?page_id=114\" class=\"btn frontech-btn\"><span><\/span>Read More<\/a>","protected":false},"author":1,"featured_media":0,"parent":0,"menu_order":0,"comment_status":"closed","ping_status":"closed","template":"","meta":{"footnotes":""},"class_list":["post-114","page","type-page","status-publish","hentry"],"_links":{"self":[{"href":"https:\/\/dtic.utc.edu.ec\/index.php?rest_route=\/wp\/v2\/pages\/114","targetHints":{"allow":["GET"]}}],"collection":[{"href":"https:\/\/dtic.utc.edu.ec\/index.php?rest_route=\/wp\/v2\/pages"}],"about":[{"href":"https:\/\/dtic.utc.edu.ec\/index.php?rest_route=\/wp\/v2\/types\/page"}],"author":[{"embeddable":true,"href":"https:\/\/dtic.utc.edu.ec\/index.php?rest_route=\/wp\/v2\/users\/1"}],"replies":[{"embeddable":true,"href":"https:\/\/dtic.utc.edu.ec\/index.php?rest_route=%2Fwp%2Fv2%2Fcomments&post=114"}],"version-history":[{"count":2,"href":"https:\/\/dtic.utc.edu.ec\/index.php?rest_route=\/wp\/v2\/pages\/114\/revisions"}],"predecessor-version":[{"id":141,"href":"https:\/\/dtic.utc.edu.ec\/index.php?rest_route=\/wp\/v2\/pages\/114\/revisions\/141"}],"wp:attachment":[{"href":"https:\/\/dtic.utc.edu.ec\/index.php?rest_route=%2Fwp%2Fv2%2Fmedia&parent=114"}],"curies":[{"name":"wp","href":"https:\/\/api.w.org\/{rel}","templated":true}]}}