{"id":133,"date":"2024-04-12T12:21:10","date_gmt":"2024-04-12T17:21:10","guid":{"rendered":"https:\/\/dtic.utc.edu.ec\/?page_id=133"},"modified":"2024-04-12T12:21:10","modified_gmt":"2024-04-12T17:21:10","slug":"politicas-de-si","status":"publish","type":"page","link":"https:\/\/dtic.utc.edu.ec\/?page_id=133","title":{"rendered":"Pol\u00edticas de SI"},"content":{"rendered":"\n<p>En la Universidad T\u00e9cnica de Cotopaxi, la seguridad de la informaci\u00f3n es de suma importancia. Conscientes de que la informaci\u00f3n es uno de nuestros activos m\u00e1s valiosos, hemos implementado un s\u00f3lido marco de pol\u00edticas de seguridad que nos permite salvaguardar la confidencialidad, integridad y disponibilidad de los datos cr\u00edticos de nuestra instituci\u00f3n.<\/p>\n\n\n\n<p>Principios Rectores de Nuestra Seguridad de la Informaci\u00f3n:<\/p>\n\n\n\n<ol class=\"wp-block-list\">\n<li>Protecci\u00f3n de Datos Personales y Sensibles Nuestras pol\u00edticas garantizan el cumplimiento estricto de la normativa vigente sobre protecci\u00f3n de datos personales. Nos aseguramos de que la informaci\u00f3n confidencial de estudiantes, docentes y personal administrativo se maneje con el m\u00e1s alto nivel de seguridad y privacidad.<\/li>\n\n\n\n<li>Integridad de la Informaci\u00f3n Institucional Implementamos controles y mecanismos para preservar la integridad de nuestros registros, documentos y bases de datos institucionales. Prevenimos y detectamos oportunamente cualquier alteraci\u00f3n no autorizada de la informaci\u00f3n cr\u00edtica.<\/li>\n\n\n\n<li>Disponibilidad de Servicios y Recursos Velamos por la continuidad operativa de nuestros sistemas y servicios de informaci\u00f3n, asegur\u00e1ndonos de que la comunidad universitaria pueda acceder a los recursos necesarios de manera confiable y oportuna.<\/li>\n\n\n\n<li>Concientizaci\u00f3n y Capacitaci\u00f3n Reconocemos que la seguridad de la informaci\u00f3n es responsabilidad de todos. Por ello, implementamos programas de capacitaci\u00f3n y sensibilizaci\u00f3n constantes, empoderando a nuestra comunidad con las mejores pr\u00e1cticas de ciberseguridad.<\/li>\n\n\n\n<li>Mejora Continua y Adaptaci\u00f3n a Amenazas Nuestras pol\u00edticas de seguridad de la informaci\u00f3n se someten a revisiones peri\u00f3dicas y actualizaciones, con el fin de mantenernos a la vanguardia frente a las cambiantes amenazas y vulnerabilidades en el entorno digital.<\/li>\n<\/ol>\n\n\n\n<p>Estos principios rectores se materializan en un conjunto integral de pol\u00edticas, procedimientos y controles que abarcan aspectos como: gesti\u00f3n de identidades y accesos, clasificaci\u00f3n y etiquetado de informaci\u00f3n, respaldo y recuperaci\u00f3n de datos, as\u00ed como respuesta a incidentes de seguridad.<\/p>\n\n\n\n<p>En la Universidad T\u00e9cnica de Cotopaxi, nos enorgullece contar con este s\u00f3lido marco de seguridad de la informaci\u00f3n, el cual nos permite proteger eficazmente nuestros activos digitales y brindar a nuestra comunidad un entorno confiable y seguro para el desarrollo de sus actividades acad\u00e9micas y administrativas.<\/p>\n\n\n\n<p><strong>Pol\u00edticas de Seguridad de la Informaci\u00f3n de la UTC:<\/strong><\/p>\n\n\n\n<div data-wp-interactive=\"core\/file\" class=\"wp-block-file\"><object data-wp-bind--hidden=\"!state.hasPdfPreview\" hidden class=\"wp-block-file__embed\" data=\"https:\/\/dtic.utc.edu.ec\/wp-content\/uploads\/2024\/04\/DTIC-432-PLAN-DE-SEGURIDAD-INFORMATICA.pdf\" type=\"application\/pdf\" style=\"width:100%;height:600px\" aria-label=\"Incrustado de DTIC-432-PLAN-DE-SEGURIDAD-INFORMATICA.\"><\/object><a id=\"wp-block-file--media-a9eb3f27-1dba-4226-a1fd-1191e6e4ce75\" href=\"https:\/\/dtic.utc.edu.ec\/wp-content\/uploads\/2024\/04\/DTIC-432-PLAN-DE-SEGURIDAD-INFORMATICA.pdf\">DTIC-432-PLAN-DE-SEGURIDAD-INFORMATICA<\/a><a href=\"https:\/\/dtic.utc.edu.ec\/wp-content\/uploads\/2024\/04\/DTIC-432-PLAN-DE-SEGURIDAD-INFORMATICA.pdf\" class=\"wp-block-file__button wp-element-button\" download aria-describedby=\"wp-block-file--media-a9eb3f27-1dba-4226-a1fd-1191e6e4ce75\">Descarga<\/a><\/div>\n","protected":false},"excerpt":{"rendered":"<p>En la Universidad T\u00e9cnica de Cotopaxi, la seguridad de la informaci\u00f3n es de suma importancia. Conscientes de que la informaci\u00f3n es uno de nuestros activos m\u00e1s valiosos, hemos implementado un s\u00f3lido marco de pol\u00edticas de seguridad que nos permite salvaguardar la confidencialidad, integridad y disponibilidad de los datos cr\u00edticos de nuestra instituci\u00f3n. Principios Rectores de<\/p>\n<a href=\"https:\/\/dtic.utc.edu.ec\/?page_id=133\" class=\"btn frontech-btn\"><span><\/span>Read More<\/a>","protected":false},"author":1,"featured_media":0,"parent":0,"menu_order":0,"comment_status":"closed","ping_status":"closed","template":"","meta":{"footnotes":""},"class_list":["post-133","page","type-page","status-publish","hentry"],"_links":{"self":[{"href":"https:\/\/dtic.utc.edu.ec\/index.php?rest_route=\/wp\/v2\/pages\/133","targetHints":{"allow":["GET"]}}],"collection":[{"href":"https:\/\/dtic.utc.edu.ec\/index.php?rest_route=\/wp\/v2\/pages"}],"about":[{"href":"https:\/\/dtic.utc.edu.ec\/index.php?rest_route=\/wp\/v2\/types\/page"}],"author":[{"embeddable":true,"href":"https:\/\/dtic.utc.edu.ec\/index.php?rest_route=\/wp\/v2\/users\/1"}],"replies":[{"embeddable":true,"href":"https:\/\/dtic.utc.edu.ec\/index.php?rest_route=%2Fwp%2Fv2%2Fcomments&post=133"}],"version-history":[{"count":1,"href":"https:\/\/dtic.utc.edu.ec\/index.php?rest_route=\/wp\/v2\/pages\/133\/revisions"}],"predecessor-version":[{"id":135,"href":"https:\/\/dtic.utc.edu.ec\/index.php?rest_route=\/wp\/v2\/pages\/133\/revisions\/135"}],"wp:attachment":[{"href":"https:\/\/dtic.utc.edu.ec\/index.php?rest_route=%2Fwp%2Fv2%2Fmedia&parent=133"}],"curies":[{"name":"wp","href":"https:\/\/api.w.org\/{rel}","templated":true}]}}