{"id":137,"date":"2024-04-12T12:26:08","date_gmt":"2024-04-12T17:26:08","guid":{"rendered":"https:\/\/dtic.utc.edu.ec\/?page_id=137"},"modified":"2024-04-12T12:54:31","modified_gmt":"2024-04-12T17:54:31","slug":"manuel-de-seguridad-en-los-laboratorios-de-computo","status":"publish","type":"page","link":"https:\/\/dtic.utc.edu.ec\/?page_id=137","title":{"rendered":"Manual de Seguridad en los Laboratorios de C\u00f3mputo"},"content":{"rendered":"\n<p>En la Universidad T\u00e9cnica de Cotopaxi, la seguridad de nuestros estudiantes, docentes y personal t\u00e9cnico es nuestra m\u00e1xima prioridad, especialmente en los entornos de laboratorio. Es por ello que hemos desarrollado una gu\u00eda integral de seguridad que establece lineamientos claros y procedimientos espec\u00edficos para mantener un ambiente de trabajo seguro y libre de riesgos.<\/p>\n\n\n\n<p><strong>Manuel de Seguridad en los Laboratorios de C\u00f3mputo:<\/strong><\/p>\n\n\n\n<div data-wp-interactive=\"core\/file\" class=\"wp-block-file\"><object data-wp-bind--hidden=\"!state.hasPdfPreview\" hidden class=\"wp-block-file__embed\" data=\"https:\/\/dtic.utc.edu.ec\/wp-content\/uploads\/2024\/04\/Manual-Seguridad-Laboratorios-Computo.pdf\" type=\"application\/pdf\" style=\"width:100%;height:600px\" aria-label=\"Incrustado de Manual-Seguridad-Laboratorios-Computo.\"><\/object><a id=\"wp-block-file--media-62149645-10d5-4006-b11f-f6739ef2aabf\" href=\"https:\/\/dtic.utc.edu.ec\/wp-content\/uploads\/2024\/04\/Manual-Seguridad-Laboratorios-Computo.pdf\">Manual-Seguridad-Laboratorios-Computo<\/a><a href=\"https:\/\/dtic.utc.edu.ec\/wp-content\/uploads\/2024\/04\/Manual-Seguridad-Laboratorios-Computo.pdf\" class=\"wp-block-file__button wp-element-button\" download aria-describedby=\"wp-block-file--media-62149645-10d5-4006-b11f-f6739ef2aabf\">Descarga<\/a><\/div>\n","protected":false},"excerpt":{"rendered":"<p>En la Universidad T\u00e9cnica de Cotopaxi, la seguridad de nuestros estudiantes, docentes y personal t\u00e9cnico es nuestra m\u00e1xima prioridad, especialmente en los entornos de laboratorio. Es por ello que hemos desarrollado una gu\u00eda integral de seguridad que establece lineamientos claros y procedimientos espec\u00edficos para mantener un ambiente de trabajo seguro y libre de riesgos. Manuel<\/p>\n<a href=\"https:\/\/dtic.utc.edu.ec\/?page_id=137\" class=\"btn frontech-btn\"><span><\/span>Read More<\/a>","protected":false},"author":1,"featured_media":0,"parent":0,"menu_order":0,"comment_status":"closed","ping_status":"closed","template":"","meta":{"footnotes":""},"class_list":["post-137","page","type-page","status-publish","hentry"],"_links":{"self":[{"href":"https:\/\/dtic.utc.edu.ec\/index.php?rest_route=\/wp\/v2\/pages\/137","targetHints":{"allow":["GET"]}}],"collection":[{"href":"https:\/\/dtic.utc.edu.ec\/index.php?rest_route=\/wp\/v2\/pages"}],"about":[{"href":"https:\/\/dtic.utc.edu.ec\/index.php?rest_route=\/wp\/v2\/types\/page"}],"author":[{"embeddable":true,"href":"https:\/\/dtic.utc.edu.ec\/index.php?rest_route=\/wp\/v2\/users\/1"}],"replies":[{"embeddable":true,"href":"https:\/\/dtic.utc.edu.ec\/index.php?rest_route=%2Fwp%2Fv2%2Fcomments&post=137"}],"version-history":[{"count":2,"href":"https:\/\/dtic.utc.edu.ec\/index.php?rest_route=\/wp\/v2\/pages\/137\/revisions"}],"predecessor-version":[{"id":148,"href":"https:\/\/dtic.utc.edu.ec\/index.php?rest_route=\/wp\/v2\/pages\/137\/revisions\/148"}],"wp:attachment":[{"href":"https:\/\/dtic.utc.edu.ec\/index.php?rest_route=%2Fwp%2Fv2%2Fmedia&parent=137"}],"curies":[{"name":"wp","href":"https:\/\/api.w.org\/{rel}","templated":true}]}}